{"id":2814,"date":"2019-10-22T12:42:11","date_gmt":"2019-10-22T12:42:11","guid":{"rendered":"http:\/\/www.sdjt.si\/wp\/?page_id=2814"},"modified":"2019-10-22T12:42:11","modified_gmt":"2019-10-22T12:42:11","slug":"posvet-o-digitalni-prihodnosti-slovenscine","status":"publish","type":"page","link":"https:\/\/www.sdjt.si\/wp\/dogodki\/posveti\/posvet-o-digitalni-prihodnosti-slovenscine\/","title":{"rendered":"Posvet o digitalni prihodnosti sloven\u0161\u010dine"},"content":{"rendered":"<p>&nbsp;<\/p>\n<p>V petek,\u00a0<strong>27. septembra 2019<\/strong>, je v Zborni\u010dni dvorani stavbe\u00a0<strong>Univerze v Ljubljani<\/strong>\u00a0(Kongresni trg 12) potekal dogodek z naslovom \u00bb<strong>Kako bo mogo\u010de? \u2013 posvet o digitalni prihodnosti sloven\u0161\u010dine<\/strong>\u00ab. Posvet so organizirali\u00a0<a href=\"https:\/\/www.cjvt.si\/\">Center za jezikovne vire in tehnologije Univerze v Ljubljani<\/a>,\u00a0<a href=\"https:\/\/isjfr.zrc-sazu.si\/#v\">In\u0161titut za slovenski jezik Frana Ramov\u0161a ZRC SAZU<\/a>, raziskovalna infrastruktura\u00a0<a href=\"http:\/\/www.clarin.si\/info\/o-projektu\/\">CLARIN.SI<\/a>\u00a0(Institut Jo\u017eef Stefan) ter\u00a0<a href=\"http:\/\/www.sdjt.si\/wp\/\">Slovensko dru\u0161tvo za jezikovne tehnologije<\/a>. Namen posveta je bil ugotoviti, kateri ukrepi bi najbolj u\u010dinkovito prispevali k uspe\u0161nemu razvoju sloven\u0161\u010dine v digitalnem okolju v \u010dasu pospe\u0161ene digitalizacije in globalizacije.<\/p>\n<p>Posnetki predavanj so na voljo na naslovu\u00a0<a href=\"http:\/\/videolectures.net\/kakoBoMogoce2019_ljubljana\/\">http:\/\/videolectures.net\/kakoBoMogoce2019_ljubljana\/.<\/a><\/p>\n<hr \/>\n<p class=\"paragraph_style_4\"><strong>Program posveta:<\/strong><\/p>\n<p>09:00-09:05\u00a0\u00a0\u00a0\u00a0 Uvodni nagovor<\/p>\n<p>09:05-09:20\u00a0\u00a0\u00a0\u00a0\u00a0<strong>Simon Krek<\/strong>: Stanje na podro\u010dju razvoja jezikovnih virov in tehnologij v Sloveniji in EU<\/p>\n<p>09:20-09:35\u00a0 \u00a0\u00a0\u00a0<strong>Kozma Aha\u010di\u010d<\/strong>: Neposredni izzivi digitalne prihodnosti sloven\u0161\u010dine<\/p>\n<p>09:35-09:50\u00a0\u00a0\u00a0\u00a0\u00a0<strong>Toma\u017e Erjavec<\/strong>: Predstavitev raziskovalne infrastrukture za jezikovne vire in tehnologije CLARIN.SI<\/p>\n<p>09:50-10:05\u00a0\u00a0\u00a0\u00a0\u00a0<strong>Darinka Verdonik<\/strong>: Govorni, dialo\u0161ki in multimodalni jezikovni viri \u2013 pregled stanja<\/p>\n<p>10:05-10:20\u00a0\u00a0\u00a0\u00a0\u00a0<strong>Marko Robnik \u0160ikonja<\/strong>: Semanti\u010dni jezikovni viri in tehnologije: stanje sloven\u0161\u010dine<\/p>\n<p>10:20-10:40\u00a0\u00a0\u00a0\u00a0 odmor za kavo<\/p>\n<p>10:40-10:55\u00a0\u00a0\u00a0\u00a0\u00a0<strong>Marko Stabej<\/strong>: Digitalizacija in jezikovnopoliti\u010dni dialog<\/p>\n<p>10:55-11:10\u00a0\u00a0\u00a0\u00a0\u00a0<strong>Marko Grobelnik<\/strong>: Sloven\u0161\u010dina in umetna inteligenca<\/p>\n<p>11:10-11:30\u00a0\u00a0\u00a0\u00a0 Diskusija (moderator: Simon Krek)<\/p>\n<hr \/>\n<p>Na posvetu je bil predstavljen poziv Ministrstvu za kulturo, Ministrstvu za izobra\u017eevanje, znanost in \u0161port ter Slovenski akademiji znanosti in umetnosti:<\/p>\n<ol>\n<li>Pozivamo\u00a0<strong>Ministrstvo za kulturo<\/strong>, naj \u010dim prej objavi javni razpis \u00bbRazvoj sloven\u0161\u010dine v digitalnem okolju \u2013 jezikovni viri in tehnologije\u00ab, ki je bil napovedan za januar 2019.<\/li>\n<li>Pozivamo\u00a0<strong>Ministrstvo za kulturo<\/strong>, naj v potrditev v Dr\u017eavnem zboru po\u0161lje Resolucijo o nacionalnem programu za jezikovno politiko 2019\u20132023 z upo\u0161tevanjem ukrepov, ki zagotavljajo uspe\u0161en razvoj sloven\u0161\u010dine v digitalnem okolju.<\/li>\n<li>Pozivamo\u00a0<strong>Ministrstvo za kulturo<\/strong>, naj obudi delo Sveta za spremljanje razvoja jezikovnih virov in tehnologij, ki je deloval od marca do septembra 2018, in zagotovi njegov dolgoro\u010dni obstoj.<\/li>\n<li>Pozivamo\u00a0<strong>Ministrstvo za izobra\u017eevanje, znanost in \u0161port<\/strong>\u00a0ter\u00a0<strong>Agencijo za raziskovanje RS<\/strong>, naj pri dodeljevanju sredstev napovedanim Programom nacionalnih raziskav (PNR) iz 17. in 21. \u010dlena predloga Zakona o znanstvenoraziskovalni in inovacijski dejavnosti (ZRRD) na podro\u010dju jezikoslovja in povezanih podro\u010djih podpreta programe, ki zagotavljajo uspe\u0161en razvoj sloven\u0161\u010dine v digitalnem okolju, upo\u0161tevajo\u010d zahteve po odprtem dostopu in prilagojenosti jezikoslovnih podatkov za ra\u010dunalni\u0161ko obdelavo.<\/li>\n<li>Pozivamo\u00a0<strong>Slovensko akademijo znanosti in umetnosti<\/strong>, naj s prora\u010dunskimi sredstvi, ki jih prejema za financiranje infrastrukturnega programa Naravna in kulturna dedi\u0161\u010dina, (so)financira izdelavo virov, ki so odprto dostopni in primerni za ra\u010dunalni\u0161ko obdelavo.<\/li>\n<\/ol>\n","protected":false},"excerpt":{"rendered":"<p>&nbsp; V petek,\u00a027. septembra 2019, je v Zborni\u010dni dvorani stavbe\u00a0Univerze v Ljubljani\u00a0(Kongresni trg 12) potekal dogodek z naslovom \u00bbKako bo mogo\u010de? \u2013 posvet o digitalni prihodnosti sloven\u0161\u010dine\u00ab. Posvet so organizirali\u00a0Center za jezikovne vire in tehnologije Univerze v Ljubljani,\u00a0In\u0161titut za slovenski jezik Frana Ramov\u0161a ZRC SAZU, raziskovalna infrastruktura\u00a0CLARIN.SI\u00a0(Institut Jo\u017eef Stefan) ter\u00a0Slovensko dru\u0161tvo za jezikovne tehnologije. Namen &hellip; <a href=\"https:\/\/www.sdjt.si\/wp\/dogodki\/posveti\/posvet-o-digitalni-prihodnosti-slovenscine\/\" class=\"more-link\">Preberi ve\u010d <span class=\"screen-reader-text\">Posvet o digitalni prihodnosti sloven\u0161\u010dine<\/span> <span class=\"meta-nav\">&rarr;<\/span><\/a><\/p>\n","protected":false},"author":4,"featured_media":0,"parent":9,"menu_order":0,"comment_status":"closed","ping_status":"closed","template":"","meta":{"footnotes":""},"class_list":["post-2814","page","type-page","status-publish","hentry"],"_links":{"self":[{"href":"https:\/\/www.sdjt.si\/wp\/wp-json\/wp\/v2\/pages\/2814","targetHints":{"allow":["GET"]}}],"collection":[{"href":"https:\/\/www.sdjt.si\/wp\/wp-json\/wp\/v2\/pages"}],"about":[{"href":"https:\/\/www.sdjt.si\/wp\/wp-json\/wp\/v2\/types\/page"}],"author":[{"embeddable":true,"href":"https:\/\/www.sdjt.si\/wp\/wp-json\/wp\/v2\/users\/4"}],"replies":[{"embeddable":true,"href":"https:\/\/www.sdjt.si\/wp\/wp-json\/wp\/v2\/comments?post=2814"}],"version-history":[{"count":2,"href":"https:\/\/www.sdjt.si\/wp\/wp-json\/wp\/v2\/pages\/2814\/revisions"}],"predecessor-version":[{"id":2816,"href":"https:\/\/www.sdjt.si\/wp\/wp-json\/wp\/v2\/pages\/2814\/revisions\/2816"}],"up":[{"embeddable":true,"href":"https:\/\/www.sdjt.si\/wp\/wp-json\/wp\/v2\/pages\/9"}],"wp:attachment":[{"href":"https:\/\/www.sdjt.si\/wp\/wp-json\/wp\/v2\/media?parent=2814"}],"curies":[{"name":"wp","href":"https:\/\/api.w.org\/{rel}","templated":true}]}}