{"id":2288,"date":"2018-08-27T12:40:21","date_gmt":"2018-08-27T12:40:21","guid":{"rendered":"http:\/\/www.sdjt.si\/wp\/?page_id=2288"},"modified":"2018-08-27T12:40:21","modified_gmt":"2018-08-27T12:40:21","slug":"timetable-urnik","status":"publish","type":"page","link":"https:\/\/www.sdjt.si\/wp\/dogodki\/konference\/jtdh-2018-english\/timetable-urnik\/","title":{"rendered":"Timetable \/ Urnik"},"content":{"rendered":"<h1 style=\"text-align: center;\"><a href=\"http:\/\/www.sdjt.si\/wp\/dogodki\/konference\/jtdh-2018\/\">JTDH 2018<\/a><\/h1>\n<p style=\"text-align: right;\"><a href=\"#cetrtek18\">\u010cetrtek \/ Thursday, 20. 9. 2018<\/a><br \/>\n<a href=\"#petek18\">Petek \/ Friday, 21. 9. 2018<\/a><\/p>\n<h3 id=\"cetrtek18\">\u010cetrtek \/ Thursday, 20. 9. 2018<\/h3>\n\n<table id=\"tablepress-4\" class=\"tablepress tablepress-id-4\">\n<tbody class=\"row-striping row-hover\">\n<tr class=\"row-1\">\n\t<td class=\"column-1\">08.00-08.30<\/td><td class=\"column-2\"><b>Registracija \/ Registration<\/b><\/td>\n<\/tr>\n<tr class=\"row-2\">\n\t<td class=\"column-1\">08.30-09.00<\/td><td class=\"column-2\"><b>Otvoritev \/ Opening<\/b><\/td>\n<\/tr>\n<tr class=\"row-3\">\n\t<td class=\"column-1\">09.00-10.00<\/td><td class=\"column-2\"><b>Vabljeno predavanje \/ Invited lecture<\/b><br \/>\nJezik \/ Language: ENG<br \/>\nVodja sekcije \/ Session Chair: Toma\u017e Erjavec<br \/>\n<br \/>\n<b>Dr. Malvina Nissim:<\/b><br \/>\nToo good to be true: Current approaches to author profiling [<a href=\"http:\/\/www.sdjt.si\/wp\/wp-content\/uploads\/2018\/09\/JTDH-2018_Invited-Lecture_Malvina-Nissim_Too-good-to-be-true-Current-approaches-to-author-profiling.pdf\">PDF<\/a>]<\/td>\n<\/tr>\n<tr class=\"row-4\">\n\t<td class=\"column-1\">10.00-10.30<\/td><td class=\"column-2\"><b>Sekcija 1 \/ Session 1: Strojno prevajanje \/ Machine translation<\/b><br \/>\nJezik sekcije \/ Session language: ENG<br \/>\nVodja sekcije \/ Session Chair: Toma\u017e Erjavec<br \/>\n<br \/>\nGregor Donaj and Mirjam S. Mau\u010dec:<br \/>\n<em>From statistical machine translation to translation with neural networks for the Slovene-English language pair<\/em><br \/>\n[<a href=\"http:\/\/www.sdjt.si\/wp\/wp-content\/uploads\/2018\/09\/JTDH-2018_Donaj-et-al_Prehod-iz-statisticnega-strojnega-prevajanja-na-prevajanje-z-nevronskimi-omrezji-za-jezikovni-par-slovenscina-anglescina.pdf\">PDF<\/a>]<br \/>\n<br \/>\nMihael Ar\u010dan:<br \/>\n<em>A comparison of Statistical and Neural Machine Translation for Slovene, Serbian and Croatian<\/em><br \/>\n[<a href=\"http:\/\/www.sdjt.si\/wp\/wp-content\/uploads\/2018\/09\/JTDH-2018_Arcan_A-Comparison-of-Statistical-and-Neural-Machine-Translation-for-Slovene-Serbian-and-Croatian.pdf\">PDF<\/a>]<\/td>\n<\/tr>\n<tr class=\"row-5\">\n\t<td class=\"column-1\">10.30-11.00<\/td><td class=\"column-2\"><b>Odmor za kavo \/ Coffee break<\/b><\/td>\n<\/tr>\n<tr class=\"row-6\">\n\t<td class=\"column-1\">11.00-12.30<\/td><td class=\"column-2\"><b>Sekcija 2 \/ Session 2: Jezikovni viri \/ Language resources<\/b><br \/>\nJezik sekcije \/ Session language: ENG<br \/>\nVodja sekcije \/ Session Chair: Simon Krek<br \/>\n<br \/>\nDarinka Verdonik:<br \/>\n<em>Corpus and database GOS Videolectures<\/em><br \/>\n[<a href=\"http:\/\/www.sdjt.si\/wp\/wp-content\/uploads\/2018\/09\/JTDH-2018_Verdonik_Korpus-in-baza-Gos-Videolectures.pdf\">PDF<\/a>]<br \/>\n<br \/>\nMaria Jose Bocorny Finatto, Paulo Quaresma and Maria Filomena Gon\u00e7alves:<br \/>\n<em>Portuguese Corpora of the 18th century: old Medicine texts for teaching and research activities<\/em><br \/>\n[<a href=\"http:\/\/www.sdjt.si\/wp\/wp-content\/uploads\/2018\/09\/JTDH-2018-Jose-et-al_Portuguese-Corpora-of-the-18th-century-old-Medicine-texts-for-teaching-and-research-activities.pdf\">PDF<\/a>]<br \/>\n<br \/>\nNikola Ljube\u0161i\u0107, \u017deljko Agi\u0107, Filip Klubi\u010dka, Vuk Batanovi\u0107 and Toma\u017e Erjavec:<br \/>\n<em>hr500k - A Reference Training Corpus of Croatian<\/em><br \/>\n[<a href=\"http:\/\/www.sdjt.si\/wp\/wp-content\/uploads\/2018\/09\/JTDH-2018_Ljubesic-et-al_hr500k-A-Reference-Training-Corpus-of-Croatian.pdf\">PDF<\/a>]<br \/>\n<br \/>\nNikola Ljube\u0161i\u0107, Darja Fi\u0161er, Toma\u017e Erjavec and Filip Dobrani\u0107:<br \/>\n<em>The Parlameter corpus of contemporary Slovene parliamentary proceedings<\/em><br \/>\n[<a href=\"http:\/\/www.sdjt.si\/wp\/wp-content\/uploads\/2018\/09\/JTDH-2018_Ljubesic-et-al_The-Parlameter-corpus-of-contemporary-Slovene-parliamentary-proceedings.pdf\">PDF<\/a>]<br \/>\n<br \/>\nKaja Dobrovoljc:<br \/>\n<em>N-gram Frequency Lists for Reference Corpora of Slovenian Language<\/em><br \/>\n[<a href=\"http:\/\/www.sdjt.si\/wp\/wp-content\/uploads\/2018\/09\/JTDH-2018_Dobrovoljc-K_Frekvencni-seznami-n-gramov-v-korpusih-slovenskega-jezika.pdf\">PDF<\/a>]<br \/>\n<br \/>\nPolona Gantar, Kristina \u0160trkalj Despot, Simon Krek and Nikola Ljube\u0161i\u0107:<br \/>\n<em>Towards Semantic Role Labeling in Slovene and Croatian<\/em><br \/>\n[<a href=\"http:\/\/www.sdjt.si\/wp\/wp-content\/uploads\/2018\/09\/JTDH-2018_Gantar-et-al_Towards-Semantic-Role-Labeling-in-Slovene-and-Croatian.pdf\">PDF<\/a>]<\/td>\n<\/tr>\n<tr class=\"row-7\">\n\t<td class=\"column-1\">12.30-13.30<\/td><td class=\"column-2\"><b>Odmor za kosilo \/ Lunch break<\/b><\/td>\n<\/tr>\n<tr class=\"row-8\">\n\t<td class=\"column-1\">13.30-14.30<\/td><td class=\"column-2\"><b>Posterji + odmor za kavo \/ Poster session + coffee break<\/b><br \/>\nJezik \/ Language: ENG, SLO<br \/>\nVodja sekcije \/ Session Chair: Marko Robnik \u0160ikonja<br \/>\n<br \/>\nAjda Pretnar and Dan Podjed:<br \/>\n<em>Data Mining Workspace Sensors: A New Approach to Anthropology<\/em><br \/>\n[<a href=\"http:\/\/www.sdjt.si\/wp\/wp-content\/uploads\/2018\/09\/JTDH-2018_Pretnar-et-al_Data-Mining-Workspace-Sensors-A-New-Approach-to-Anthropology.pdf\">PDF<\/a>]<br \/>\n<br \/>\nPetar Bo\u017eovi\u0107, Toma\u017e Erjavec, J\u00f6rg Tiedemann, Nikola Ljube\u0161i\u0107 and Vojko Gorjanc:<br \/>\n<em>Opus-MontenegrinSubs 1.0: First electronic corpus of the Montenegrin language<\/em><br \/>\n[<a href=\"http:\/\/www.sdjt.si\/wp\/wp-content\/uploads\/2018\/09\/JTDH-2018_Bozovic-et-al_Opus-MontenegrinSubs-1-0-First-electronic-corpus-of-the-Montenegrin-language.pdf\">PDF<\/a>]<br \/>\n<br \/>\nSara Ries:<br \/>\n<em>Online database in Research of Correspondence of Franjo Ksaver Kuha\u010d (1834-1911)<\/em><br \/>\n[<a href=\"http:\/\/www.sdjt.si\/wp\/wp-content\/uploads\/2018\/09\/JTDH-2018_Ries_Online-database-in-Research-of-Correspondence-of-Franjo-Ksaver-Kuhac.pdf\">PDF<\/a>]<br \/>\n<br \/>\nEneja Osrajnik, Darja Fi\u0161er and Vojko Gorjanc:<br \/>\n<em>Korpusna analiza nestandardne vejice po uvajalnih prislovnih zvezah v slovenskih formalnih in neformalnih besedilih<\/em><br \/>\n[<a href=\"http:\/\/www.sdjt.si\/wp\/wp-content\/uploads\/2018\/09\/JTDH-2018_Osrajnik-et-al_Korpusna-analiza-nestandardne-stave-vejice-po-uvajalnih-prislovnih-zvezah.pdf\">PDF<\/a>]<br \/>\n<br \/>\nChristof Sch\u00f6ch, Maciej Eder, Carolin Odebrecht, Mike Kestemont, Antonija Primorac, Justin Tonra, Katja Mihurko Poni\u017e and Catherine Kanellopoulou:<br \/>\n<em>Distant Reading for European Literary History. A COST Action<\/em><br \/>\n[<a href=\"http:\/\/www.sdjt.si\/wp\/wp-content\/uploads\/2018\/09\/JTDH-2018_Schoech-et-al_Distant-Reading-for-European-Literary-History-A-COST-Action.pdf\">PDF<\/a>]<br \/>\n<br \/>\nKatja Mihurko Poni\u017e, Amelia Sanz, Marie Nedregotten S\u00f8rb\u00f8, Suzan van Dijk, Viola Parente-\u010capkov\u00e1, Narvika Bovcon and Ale\u0161 Vaupoti\u010d:<br \/>\n<em>Teaching women writers with NEWW Virtual Research Environment<\/em><br \/>\n[<a href=\"http:\/\/www.sdjt.si\/wp\/wp-content\/uploads\/2018\/09\/JTDH-2018_Mihurko-et-al_Teaching-women-writers-with-NEWW-Virtual-Research-Environment.pdf\">PDF<\/a>]<br \/>\n<br \/>\nNikola Ljube\u0161i\u0107, Toma\u017e Erjavec and Darja Fi\u0161er:<br \/>\n<em>KAS-term and KAS-biterm: Datasets and baselines for monolingual and bilingual terminology extraction from academic writing<\/em><br \/>\n[<a href=\"http:\/\/www.sdjt.si\/wp\/wp-content\/uploads\/2018\/09\/JTDH-2018_Ljubesic-et-al_KAS-term-and-KAS-biterm-Datasets-and-baselines-for-monolingual-and-bilingual-terminology-extraction-from-academic-writing.pdf\">PDF<\/a>]<br \/>\n<br \/>\nBenedikt Perak and Filip Rodik:<br \/>\n<em>Building a corpus of the Croatian parliamentary debates using ReLDI API for tokenization, lemmatization, syntactic parsing and Neo4j graph database for creation of social ontology model, text classification and extraction of semantic information<\/em><br \/>\n[<a href=\"http:\/\/www.sdjt.si\/wp\/wp-content\/uploads\/2018\/09\/JTDH-2018_Perak-et-al_Building-a-corpus-of-the-Croatian-parliamentary-debates-using-UDPipe-open-source-NLP-tools-and-Neo4j-graph-database.pdf\">PDF<\/a>]<br \/>\n<br \/>\nDamjan Popi\u010d and Darja Fi\u0161er:<br \/>\n<em>Odnosi do jezika v slovenski, hrva\u0161ki in srbski ra\u010dunalni\u0161ko posredovani komunikaciji<\/em><br \/>\n[<a href=\"http:\/\/www.sdjt.si\/wp\/wp-content\/uploads\/2018\/09\/JTDH-2018_Popic-et-al_Odnosi-do-jezika-v-slovenski-hrvaski-in-srbski-racunalni\u0161ko-posredovani-komunikaciji.pdf\">PDF<\/a>]<br \/>\n<\/td>\n<\/tr>\n<tr class=\"row-9\">\n\t<td class=\"column-1\">14.30-16.00<\/td><td class=\"column-2\"><b>Sekcija 3 \/ Session 3: Digitalna humanistika \/ Digital humanities<\/b><br \/>\nJezik sekcije \/ Session language: ENG<br \/>\nVodja sekcije \/ Session Chair: Jurij Hadalin<br \/>\n<br \/>\nIvanka Rajh and Sini\u0161a Runjai\u0107:<br \/>\n<em>Crowdsourcing terminology: harnessing the potential of translator\u2019s glossaries<\/em><br \/>\n[<a href=\"http:\/\/www.sdjt.si\/wp\/wp-content\/uploads\/2018\/09\/JTDH-2018_Rajh-et-al_Crowdsourcing-terminology-harnessing-the-potential-of-translators-glossaries.pdf\">PDF<\/a>]<br \/>\n<br \/>\nDan Podjed and Ajda Pretnar:<br \/>\n<em>Self-Promotion on Instagram: A Case of President's Profile<\/em><br \/>\n[<a href=\"http:\/\/www.sdjt.si\/wp\/wp-content\/uploads\/2018\/09\/JTDH-2018_Podjed-et-al_Samopromocija-na-Instagramu-Primer-predsednikovega-profila.pdf\">PDF<\/a>]<br \/>\n<br \/>\nLana Hude\u010dek and Milica Mihaljevi\u0107:<br \/>\n<em>Croatian web dictionary Mre\u017enik: One year later - What is different?<\/em><br \/>\n[<a href=\"http:\/\/www.sdjt.si\/wp\/wp-content\/uploads\/2018\/09\/JTDH-2018_Hudecek-et-al_Croatian-Web-Dictionary-Mreznik-One-year-later-What-is-different.pdf\">PDF<\/a>]<br \/>\n<br \/>\nDarja Fi\u0161er and Monika Kalin Golob:<br \/>\n<em>A corpus analysis of tweets of Slovene corporate users<\/em><br \/>\n[<a href=\"http:\/\/www.sdjt.si\/wp\/wp-content\/uploads\/2018\/09\/JTDH-2018_Fiser-et-al_Analiza-tvitov-slovenskih-korporativnih-uporabnikov.pdf\">PDF<\/a>]<br \/>\n<br \/>\nTobias Weber and Jeremy Bradley:<br \/>\n<em>\u00a0Exploring Finno-Ugric linguistics through solving IT problems<\/em><br \/>\n[<a href=\"http:\/\/www.sdjt.si\/wp\/wp-content\/uploads\/2018\/09\/JTDH-2018_Weber-et-al_Exploring-Finno-Ugric-linguistics-through-solving-IT-problems.pdf\">PDF<\/a>]<br \/>\n<br \/>\nNarvika Bovcon and Ale\u0161 Vaupoti\u010d:<br \/>\n<em>Artistic Visualizations and Beyond: A Study of Materializations of a Digital Database<\/em><br \/>\n[<a href=\"http:\/\/www.sdjt.si\/wp\/wp-content\/uploads\/2018\/09\/JTDH-2018_Bovcon-et-al_Artistic-Visualizations-and-Beyond-A-Study-of-Materializations-of-a-Digital-Database.pdf\">PDF<\/a>]<br \/>\n<\/td>\n<\/tr>\n<tr class=\"row-10\">\n\t<td class=\"column-1\">16.00-17.30<\/td><td class=\"column-2\"><b>Sekcija 4 \/ Session 4: Jezikovne tehnologije \/ Language technologies<\/b><br \/>\nJezik sekcije \/ Session language: ENG<br \/>\nVodja sekcije \/ Session Chair: Simon Dobri\u0161ek<br \/>\n<br \/>\nMilan van Lange and Ralf Futselaar:<br \/>\n<em>Debating Evil: Using Word Embeddings to Analyze Parliamentary Debates on War Criminals in The Netherlands<\/em><br \/>\n[<a href=\"http:\/\/www.sdjt.si\/wp\/wp-content\/uploads\/2018\/09\/JTDH-2018_Lange-et-al_Debating-evil-Using-Word-Embeddings-to-Analyze-Parliamentary-Debates-on-War-Criminals-in-The-Netherlands.pdf\">PDF<\/a>]<br \/>\n<br \/>\nTatjana Marvin, Jure Derganc, Samo Begu\u0161 and Saba Battelino:<br \/>\n<em>Word Selection in the Slovenian Sentence Matrix Test for Speech Audiometry<\/em><br \/>\n[<a href=\"http:\/\/www.sdjt.si\/wp\/wp-content\/uploads\/2018\/09\/JTDH-2018_Marvin-et-al_Word-Selection-in-the-Slovenian-Sentence-Matrix-Test-for-Speech-Audiometry.pdf\">PDF<\/a>]<br \/>\n<br \/>\nAleksander Klju\u010dev\u0161ek, Simon Krek and Marko Robnik-\u0160ikonja:<br \/>\n<em>Efficient calculation of frequency statistics for Slovene language corpora<\/em><br \/>\n[<a href=\"http:\/\/www.sdjt.si\/wp\/wp-content\/uploads\/2018\/09\/JTDH-2018_Kljucevsek-et-al_Ucinkovit-izracun-frekvencnih-statistik-za-slovenske-jezikovne-korpuse.pdf\">PDF<\/a>]<br \/>\n<br \/>\nVuk Batanovi\u0107, Nikola Ljube\u0161i\u0107 and Tanja Samard\u017ei\u0107:<br \/>\n<em>SETimes.SR - A Reference Training Corpus of Serbian<\/em><br \/>\n[<a href=\"http:\/\/www.sdjt.si\/wp\/wp-content\/uploads\/2018\/09\/JTDH-2018_Batanovic-et-al_SETimesSR-A-Reference-Training-Corpus-of-Serbian.pdf\">PDF<\/a>]<br \/>\n<br \/>\nTadej \u0160kvorc, Simon Krek, Senja Pollak, \u0160pela Arhar Holdt and Marko Robnik-\u0160ikonja:<br \/>\n<em>Evaluation of Statistical Readability Measures on Slovene texts<\/em><br \/>\n[<a href=\"http:\/\/www.sdjt.si\/wp\/wp-content\/uploads\/2018\/09\/JTDH-2018_Skvorc-et-al_Evaluation-of-Statistical-Readability-Measures-on-Slovene-texts.pdf\">PDF<\/a>]<br \/>\n<br \/>\nAniko Kova\u010d and Maja Markovi\u0107:<br \/>\n<em>A Rule-Based Syllabifier for Serbian<\/em><br \/>\n[<a href=\"http:\/\/www.sdjt.si\/wp\/wp-content\/uploads\/2018\/09\/JTDH-2018_Kovac-et-al_A-Rule-Based-Syllabifier-for-Serbian.pdf\">PDF<\/a>]<br \/>\n<\/td>\n<\/tr>\n<tr class=\"row-11\">\n\t<td class=\"column-1\">17.30-19.00<\/td><td class=\"column-2\"><b>Ob\u010dni zbor + kava \/ General assembly + coffee<\/b><\/td>\n<\/tr>\n<tr class=\"row-12\">\n\t<td class=\"column-1\">20.00-22.00<\/td><td class=\"column-2\"><b>Ve\u010derja \/ Dinner<\/b><\/td>\n<\/tr>\n<\/tbody>\n<\/table>\n<!-- #tablepress-4 from cache -->\n<h3 id=\"petek18\">Petek \/ Friday, 21. 9. 2018<\/h3>\n\n<table id=\"tablepress-5\" class=\"tablepress tablepress-id-5\">\n<tbody class=\"row-striping row-hover\">\n<tr class=\"row-1\">\n\t<td class=\"column-1\">08.30-09.00<\/td><td class=\"column-2\"><b>Registracija \/ Registration<\/b><\/td>\n<\/tr>\n<tr class=\"row-2\">\n\t<td class=\"column-1\">09.00-10.00<\/td><td class=\"column-2\"><b>Vabljeno predavanje \/ Invited lecture<\/b><br \/>\nJezik \/ Language: ENG<br \/>\nVodja sekcije \/ Session Chair: Andrej Pan\u010dur<br \/>\n<br \/>\n<b>Dr. Martijn Kleppe:<\/b><br \/>\nBringing Digital Humanities to the wider public: libraries as incubator for DH research results [<a href=\"http:\/\/www.sdjt.si\/wp\/wp-content\/uploads\/2018\/09\/JTDH-2018_Invited-Lecture_Martijn-Kleppe_Bringing-Digital-Humanities-to-the-wider-public-libraries-as-incubator-for-DH-research-results.pdf\">PDF<\/a>]<br \/>\n<\/td>\n<\/tr>\n<tr class=\"row-3\">\n\t<td class=\"column-1\">10.00-10.30<\/td><td class=\"column-2\"><b>Sekcija 5 \/ Session 5: Infrastruktura \/ Infrastructure<\/b><br \/>\nJezik sekcije \/ Session language: SLO<br \/>\nVodja sekcije \/ Session Chair: Andrej Pan\u010dur<br \/>\n<br \/>\nMaja Dolinar, Janez \u0160tebe and Sonja Bezjak:<br \/>\n<em>Razvoj smernic za predajo in arhiviranje kvalitativnih podatkov v Arhivu dru\u017eboslovnih podatkov<\/em><br \/>\n[<a href=\"http:\/\/www.sdjt.si\/wp\/wp-content\/uploads\/2018\/09\/JTDH-2018_Dolinar-et-al_Razvoj-smernic-za-predajo-in-arhiviranje-kvalitativnih-podatkov-v-Arhivu-druzboslovnih-podatkov.pdf\">PDF<\/a>]<br \/>\n<br \/>\nDarja Fi\u0161er, Jakob Lenardi\u010d and Toma\u017e Erjavec:<br \/>\n<em>Citiranje jezikoslovnih podatkov v slovenskih znanstvenih objavah: stanje in priporo\u010dila<\/em><br \/>\n[<a href=\"http:\/\/www.sdjt.si\/wp\/wp-content\/uploads\/2018\/09\/JTDH-2018_Fiser-et-al_Citiranje-jezikoslovnih-podatkov-v-slovenskih-znanstvenih-objavah-stanje-in-priporocila.pdf\">PDF<\/a>]<br \/>\n<br \/>\n<\/td>\n<\/tr>\n<tr class=\"row-4\">\n\t<td class=\"column-1\">10.30-11.00<\/td><td class=\"column-2\"><b>Odmor za kavo \/ Coffee break<\/b><\/td>\n<\/tr>\n<tr class=\"row-5\">\n\t<td class=\"column-1\">11.00-12.30<\/td><td class=\"column-2\"><b>Sekcija 6 \/ Session 6: Korpusno jezikoslovje \/ Corpus linguistics<\/b><br \/>\nJezik sekcije \/ Session language: SLO<br \/>\nVodja sekcije \/ Session Chair: Darja Fi\u0161er<br \/>\n<br \/>\nNata\u0161a Logar and Toma\u017e Erjavec:<br \/>\n<em>Strokovno-znanstvena sloven\u0161\u010dina: besednovrstne in oblikoskladenjske zna\u010dilnosti<\/em><br \/>\n[<a href=\"http:\/\/www.sdjt.si\/wp\/wp-content\/uploads\/2018\/09\/JTDH-2018_Logar-et-al_Strokovno-znanstvena-slovenscina-besednovrstne-in-oblikoskladenjske-znacilnosti.pdf\">PDF<\/a>]<br \/>\n<br \/>\nPeter Holozan:<br \/>\n<em>Zbirka primerov rabe vejice Vejica 1.3<\/em><br \/>\n[<a href=\"http:\/\/www.sdjt.si\/wp\/wp-content\/uploads\/2018\/09\/JTDH-2018_Holozan_Zbirka-primerov-rabe-vejice-Vejica-1-3.pdf\">PDF<\/a>]<br \/>\n<br \/>\nMiha Pavlovi\u010d and Rena Ito:<br \/>\n<em>Korpusna analiza slovni\u010dnih napak v spisih u\u010dencev japon\u0161\u010dine na osnovni ravni<\/em><br \/>\n[<a href=\"http:\/\/www.sdjt.si\/wp\/wp-content\/uploads\/2018\/09\/JTDH-2018_Pavlovic-et-al_Analiza-slovnicnih-napak-v-korpusu-spisov-ucencev-japonscine-na-osnovni-ravni.pdf\">PDF<\/a>]<br \/>\n<br \/>\nHelena Dobrovoljc and Ur\u0161ka Vranjek O\u0161lak:<br \/>\n<em>Zakaj ne z eno poizvedbo po razli\u010dnih korpusih? (Troje korpusnih preverb pod primerjalnim drobnogledom)<\/em><br \/>\n[<a href=\"http:\/\/www.sdjt.si\/wp\/wp-content\/uploads\/2018\/10\/JTDH-2018_Dobrovoljc-H_Zakaj-ne-z-eno-poizvedbo-hkrati-po-razlicnih-korpusih.pdf\">PDF<\/a>]<br \/>\n<br \/>\nIztok Kosem, Simon Krek, Polona Gantar, \u0160pela Arhar Holdt, Jaka \u010cibej and Cyprian Laskowski:<br \/>\n<em>Kolokacijski slovar sodobne sloven\u0161\u010dine<\/em><br \/>\n[<a href=\"http:\/\/www.sdjt.si\/wp\/wp-content\/uploads\/2018\/09\/JTDH-2018_Kosem-et-al_Kolokacijski-slovar-sodobne-slovenscine.pdf\">PDF<\/a>]<br \/>\n<br \/>\nPolona Gantar, \u0160pela Arhar Holdt, Jaka \u010cibej, Taja Kuzman and Teja Kav\u010di\u010d:<br \/>\n<em>Glagolske ve\u010dbesedne enote v u\u010dnem korpusu ssj500k 2.1<\/em><br \/>\n[<a href=\"http:\/\/www.sdjt.si\/wp\/wp-content\/uploads\/2018\/09\/JTDH-2018_Gantar-et-al_Glagolske-vecbesedne-enote-v-ucnem-korpusu-ssj500k-2-1.pdf\">PDF<\/a>]<\/td>\n<\/tr>\n<tr class=\"row-6\">\n\t<td class=\"column-1\">12.30-13.30<\/td><td class=\"column-2\"><b>Odmor za kosilo \/ Lunch break<\/b><\/td>\n<\/tr>\n<tr class=\"row-7\">\n\t<td class=\"column-1\">13.30-14.30<\/td><td class=\"column-2\"><b>\u0160tudentska sekcija + odmor za kavo \/ Student session + Coffee break<\/b><br \/>\nJezik sekcije \/ Session language: ENG, SLO<br \/>\nVodja sekcije \/ Session Chair: Iza \u0160krjanec<br \/>\n<br \/>\nUr\u0161ka Brato\u0161:<br \/>\n<em>Gradnja korpusa tvitov slovenskih politikov Janes-TwePo<\/em><br \/>\n[<a href=\"http:\/\/www.sdjt.si\/wp\/wp-content\/uploads\/2018\/09\/JTDH-2018_Students_Bratos_Korpus-tvitov-slovenskih-politikov-Janes-TwePo.pdf\">PDF<\/a>]<br \/>\n<br \/>\nIsolde Van Dorst:<br \/>\n<em>You, thou and thee: A statistical analysis of Shakespeare's use of pronominal address terms<\/em><br \/>\n[<a href=\"http:\/\/www.sdjt.si\/wp\/wp-content\/uploads\/2018\/09\/JTDH-2018_Students_Dorst_You-thou-an-thee-A-statistical-analysis-of-Shakespeare\u2019s-use-of-pronominal-address-terms.pdf\">PDF<\/a>]<br \/>\n<br \/>\nGabi Rolih:<br \/>\n<em>K-means Clustering of CMC Data for Tagger Improvement<\/em><br \/>\n[<a href=\"http:\/\/www.sdjt.si\/wp\/wp-content\/uploads\/2018\/09\/JTDH-2018_Students_Rolih-K-means-Clustering-for-POS-Tagger-Improvement.pdf\">PDF<\/a>]<br \/>\n<br \/>\nKlara Eva Kukovi\u010di\u010d:<br \/>\n<em>Uporabnost lu\u0161\u010dilnikov terminologije Sketch Engine in CollTerm z vidika (\u0161tudenta) prevajalca<\/em><br \/>\n[<a href=\"http:\/\/www.sdjt.si\/wp\/wp-content\/uploads\/2018\/09\/JTDH-2018_Students_Kukovicic_Primerjava-luscilnikov-terminologije-Sketch-Engine-in-CollTerm-za-znanstvena-besedila.pdf\">PDF<\/a>]<\/td>\n<\/tr>\n<tr class=\"row-8\">\n\t<td class=\"column-1\">14.30-15.30<\/td><td class=\"column-2\"><b>Sekcija 7 \/ Session 7: Digitalna humanistika \/ Digital humanities<\/b><br \/>\nJezik sekcije \/ Session language: SLO<br \/>\nVodja sekcije \/ Session Chair: Matija Ogrin<br \/>\n<br \/>\nAndrej Pan\u010dur:<br \/>\n<em>Trajnost digitalnih izdaj: Uporaba stati\u010dnih spletnih strani na portalu Zgodovina Slovenije - SIstory<\/em><br \/>\n[<a href=\"http:\/\/www.sdjt.si\/wp\/wp-content\/uploads\/2018\/09\/JTDH-2018_Pancur_Trajnost-digitalnih-izdaj-Uporaba-staticnih-spletnih-strani-na-portalu-Zgodovina-Slovenije-SIstory.pdf\">PDF<\/a>]<br \/>\n<br \/>\nAndrej Pan\u010dur, Alenka Pirman and Maru\u0161a Kocjan\u010di\u010d:<br \/>\n<em>Spregledana kulturna dedi\u0161\u010dina in uporaba digitalne raziskovalne infrastrukture za humanistiko v raziskavi Odlivanje smrti<\/em><br \/>\n[<a href=\"http:\/\/www.sdjt.si\/wp\/wp-content\/uploads\/2018\/09\/JTDH-2018_Pancur-et-al_Spregledana-kulturna-dediscina-in-uporaba-digitalne-raziskovalne-infrastrukture-za-humanistiko-v-raziskavi-Odlivanje-smrti.pdf\">PDF<\/a>]<br \/>\n<br \/>\nAlenka Kav\u010di\u010d, Ivan Lovri\u0107 and Vera Smole:<br \/>\n<em>Interaktivna karta slovenskih nare\u010dnih besedil<\/em><br \/>\n[<a href=\"http:\/\/www.sdjt.si\/wp\/wp-content\/uploads\/2018\/09\/JTDH-2018_Kavcic-et-al_Interaktivna-karta-slovenskih-narecnih-besedil.pdf\">PDF<\/a>]<br \/>\n<br \/>\nNina Ditmajer, Matija Ogrin and Toma\u017e Erjavec:<br \/>\n<em>Zapis in prikaz starej\u0161ih pesni\u0161kih besedil ter njihovih variant v TEI<\/em><br \/>\n[<a href=\"http:\/\/www.sdjt.si\/wp\/wp-content\/uploads\/2018\/09\/JTDH-2018_Ditmajer-et-al_Zapis-in-prikaz-starejsih-pesniskih-besedil-ter-njihovih-variant-v-TEI.pdf\">PDF<\/a>]<br \/>\n<\/td>\n<\/tr>\n<tr class=\"row-9\">\n\t<td class=\"column-1\">15.30-16.00<\/td><td class=\"column-2\"><b>Zaklju\u010dek \/ Closing<\/b><\/td>\n<\/tr>\n<\/tbody>\n<\/table>\n<!-- #tablepress-5 from cache -->\n","protected":false},"excerpt":{"rendered":"<p>JTDH 2018 \u010cetrtek \/ Thursday, 20. 9. 2018 Petek \/ Friday, 21. 9. 2018 \u010cetrtek \/ Thursday, 20. 9. 2018 Petek \/ Friday, 21. 9. 2018<\/p>\n","protected":false},"author":16,"featured_media":0,"parent":1825,"menu_order":0,"comment_status":"closed","ping_status":"closed","template":"","meta":{"footnotes":""},"class_list":["post-2288","page","type-page","status-publish","hentry"],"_links":{"self":[{"href":"https:\/\/www.sdjt.si\/wp\/wp-json\/wp\/v2\/pages\/2288","targetHints":{"allow":["GET"]}}],"collection":[{"href":"https:\/\/www.sdjt.si\/wp\/wp-json\/wp\/v2\/pages"}],"about":[{"href":"https:\/\/www.sdjt.si\/wp\/wp-json\/wp\/v2\/types\/page"}],"author":[{"embeddable":true,"href":"https:\/\/www.sdjt.si\/wp\/wp-json\/wp\/v2\/users\/16"}],"replies":[{"embeddable":true,"href":"https:\/\/www.sdjt.si\/wp\/wp-json\/wp\/v2\/comments?post=2288"}],"version-history":[{"count":1,"href":"https:\/\/www.sdjt.si\/wp\/wp-json\/wp\/v2\/pages\/2288\/revisions"}],"predecessor-version":[{"id":2289,"href":"https:\/\/www.sdjt.si\/wp\/wp-json\/wp\/v2\/pages\/2288\/revisions\/2289"}],"up":[{"embeddable":true,"href":"https:\/\/www.sdjt.si\/wp\/wp-json\/wp\/v2\/pages\/1825"}],"wp:attachment":[{"href":"https:\/\/www.sdjt.si\/wp\/wp-json\/wp\/v2\/media?parent=2288"}],"curies":[{"name":"wp","href":"https:\/\/api.w.org\/{rel}","templated":true}]}}