{"id":11,"date":"2014-07-27T21:45:57","date_gmt":"2014-07-27T21:45:57","guid":{"rendered":"http:\/\/www.sdjt.si\/wp\/?page_id=11"},"modified":"2025-07-07T10:46:52","modified_gmt":"2025-07-07T08:46:52","slug":"viri","status":"publish","type":"page","link":"https:\/\/www.sdjt.si\/wp\/povezave\/viri\/","title":{"rendered":"Viri"},"content":{"rendered":"<p>Za pogosta vpra\u0161anja o virih in tehnologijah za sloven\u0161\u010dino priporo\u010damo tudi <a href=\"https:\/\/www.clarin.si\/info\/k-center\/pogosta-vprasanja-za-slovenscino\/\">https:\/\/www.clarin.si\/info\/k-center\/pogosta-vprasanja-za-slovenscino\/.<\/a><\/p>\r\n<hr \/>\r\n<p class=\"has-white-color has-dark-gray-background-color has-text-color has-background\"><strong>Orodja<\/strong><\/p>\r\n<p class=\"paragraph_style_3\"><strong>Konkordan\u010dniki:<span class=\"style\"><br \/><\/span><\/strong><\/p>\r\n<ul>\r\n<li><a style=\"text-indent: -25px;\" title=\"http:\/\/www.gigafida.net\/\" href=\"https:\/\/viri.cjvt.si\/gigafida\/\">Gigafida 2.0<\/a>,\u00a0<a title=\"http:\/\/www.korpus-kres.net\/\" href=\"http:\/\/www.korpus-kres.net\/\">Kres<\/a>,\u00a0<a title=\"http:\/\/www.korpus-gos.net\/\" href=\"http:\/\/www.korpus-gos.net\/\">GOS<\/a><\/li>\r\n<li><a href=\"https:\/\/www.clarin.si\/ske\/#open\">NoSketch Engine<\/a> (novej\u0161i grafi\u010dni vmesnik), <a href=\"https:\/\/www.clarin.si\/noske\/\">NoSketch Engine <\/a>(starej\u0161i vmesnik) in <a href=\"https:\/\/www.clarin.si\/kontext\/\">KonText<\/a> @ CLARIN.SI<\/li>\r\n<li><a title=\"http:\/\/bos.zrc-sazu.si\/s_beseda.html\" href=\"http:\/\/bos.zrc-sazu.si\/s_beseda.html\">Nova beseda<\/a><\/li>\r\n<li><a href=\"https:\/\/evroterm.vlada.si\/evrokorpus\">Evrokorpus<\/a><\/li>\r\n<\/ul>\r\n<p class=\"paragraph_style_3\"><strong>Obdelava besedil:<\/strong><\/p>\r\n<ul>\r\n<li><span class=\"style_1\" style=\"text-indent: -25px;\">slovni\u010dni pregledovalnik in \u010drkovalnik slovenskih besedil <\/span><a style=\"text-indent: -25px;\" title=\"http:\/\/besana.amebis.si\/preverjanje\/\" href=\"http:\/\/besana.amebis.si\/preverjanje\/\">Besana<\/a><\/li>\r\n<li><span class=\"style_1\" style=\"text-indent: -25px;\">spletni vmesnik za oblikoskladenjsko ozna\u010devanje in lematizacijo besedil <\/span><a style=\"text-indent: -25px;\" title=\"http:\/\/nl.ijs.si\/analyse\/\" href=\"http:\/\/nl.ijs.si\/analyse\/\">JOS<\/a><\/li>\r\n<li>spletni vmesnik za oblikoskladenjsko ozna\u010devanje, lematizacijo, iskanje imenskih entitet in ozna\u010devanje udele\u017eenskih vlog <a href=\"https:\/\/orodja.cjvt.si\/oznacevalnik\/slv\/\">CJVT<\/a><\/li>\r\n<li><span class=\"style_1\" style=\"text-indent: -25px;\">oblikoskladenjski ozna\u010devalnik in lematizator za slovenski jezik <\/span><a style=\"text-indent: -25px;\" title=\"http:\/\/www.slovenscina.eu\/tehnologije\/oznacevalnik\" href=\"http:\/\/ssj.slovenscina.eu\/tehnologije\/oznacevalnik\">Obeliks<\/a><\/li>\r\n<li><span class=\"style_1\">oblikoskladenjski ozna\u010devalnik, lematizator, iskalnik imenskih entitet za standardno in nestandardno sloven\u0161\u010dino <a href=\"https:\/\/github.com\/clarinsi\/classla\">CLASSLA\u00a0<\/a><\/span><\/li>\r\n<li><span class=\"style_1\" style=\"text-indent: -25px;\">skladenjski raz\u010dlenjevalnik <\/span><a style=\"text-indent: -25px;\" title=\"http:\/\/www.slovenscina.eu\/tehnologije\/razclenjevalnik\" href=\"http:\/\/ssj.slovenscina.eu\/tehnologije\/razclenjevalnik\">SSJ<\/a><\/li>\r\n<li><span class=\"style_1\" style=\"text-indent: -25px;\">dolo\u010danje oblikoslovnih oznak in lem <\/span><a style=\"text-indent: -25px;\" title=\"http:\/\/bos.zrc-sazu.si\/dol_lem1.html\" href=\"http:\/\/bos.zrc-sazu.si\/dol_lem1.html\">ZRC<\/a><\/li>\r\n<li><span class=\"style_1\" style=\"text-indent: -25px;\">lu\u0161\u010dilnik terminologije za sloven\u0161\u010dino <\/span><a style=\"text-indent: -25px;\" title=\"http:\/\/lojze.lugos.si\/cgitest\/extract.cgi\" href=\"http:\/\/lojze.lugos.si\/cgitest\/extract.cgi\">LUIZ<\/a><\/li>\r\n<li><a href=\"https:\/\/www.slovenscina.eu\/prepoznavanje-imenskih-entitet\">iskalnik imenskih entitet<\/a> iz projekta RSDO<\/li>\r\n<li><a href=\"https:\/\/www.slovenscina.eu\/odkrivanje-koreferencnosti\">orodje za odkrivanje koreferen\u010dnosti<\/a> iz projekta RSDO<\/li>\r\n<li><a href=\"https:\/\/senta.cjvt.si\/\">SENTA<\/a>: stav\u010dno poenostavljanje in analiza besedil <\/li>\r\n<li><a href=\"https:\/\/orodja.cjvt.si\/berljivost\/\">KaU\u010d<\/a>: orodje za oceno berljivosti in te\u017eavnosti besedil <\/li>\r\n\r\n<\/ul>\r\n<hr \/>\r\n<p class=\"has-white-color has-dark-gray-background-color has-text-color has-background\"><strong>Jezikovni korpusi<\/strong><\/p>\r\n<p class=\"paragraph_style_3\"><strong>Enojezi\u010dni splo\u0161ni:<span class=\"style\"><br \/><\/span><\/strong><\/p>\r\n<ul>\r\n<li><span style=\"text-indent: -25px;\">Korpus pisnega jezika <\/span><a style=\"text-indent: -25px;\" title=\"http:\/\/www.slovenscina.eu\/korpusi\/gigafida\" href=\"https:\/\/viri.cjvt.si\/gigafida\/\">Gigafida 2.0<\/a><span style=\"text-indent: -25px;\">, 1 milijarda besed<\/span><\/li>\r\n<li><span style=\"text-indent: -25px;\">Referen\u010dni korpus <\/span><a style=\"text-indent: -25px;\" title=\"http:\/\/www.slovenscina.eu\/korpusi\/kres\" href=\"http:\/\/www.korpus-kres.net\/\">Kres<\/a><span style=\"text-indent: -25px;\">, 100 milijonov besed<\/span><\/li>\r\n<li><span style=\"text-indent: -25px;\">Korpus pisnega jezika <\/span><a style=\"text-indent: -25px;\" title=\"http:\/\/bos.zrc-sazu.si\/s_beseda.html\" href=\"http:\/\/bos.zrc-sazu.si\/s_beseda.html\">Nova beseda<\/a><span style=\"text-indent: -25px;\">, 318 milijonov besed<\/span><\/li>\r\n<li><span style=\"text-indent: -25px;\">U\u010dni korpus <\/span><a style=\"text-indent: -25px;\" title=\"http:\/\/www.slovenscina.eu\/tehnologije\/ucni-korpus\" href=\"http:\/\/ssj.slovenscina.eu\/tehnologije\/ucni-korpus\">ssj500k<\/a><span style=\"text-indent: -25px;\">, 500.000 besed<\/span><\/li>\r\n<li><span style=\"text-indent: -25px;\">Prosto dostopen korpus <\/span><a style=\"text-indent: -25px;\" title=\"http:\/\/www.slovenscina.eu\/tehnologije\/proste-zbirke\" href=\"https:\/\/www.cjvt.si\/infrastrukturna-podpora\/nadgradnja-korpusov-gigafida-kres-ccgigafida-in-cckres\/\">ccGigafida<\/a><span style=\"text-indent: -25px;\">, <\/span><span class=\"style_1\" style=\"text-indent: -25px;\">100 milijonov besed<\/span><\/li>\r\n<li><span style=\"text-indent: -25px;\">Prosto dostopen korpus <\/span><a style=\"text-indent: -25px;\" title=\"http:\/\/www.slovenscina.eu\/tehnologije\/proste-zbirke\" href=\"https:\/\/www.cjvt.si\/infrastrukturna-podpora\/nadgradnja-korpusov-gigafida-kres-ccgigafida-in-cckres\/\">ccKres<\/a><span style=\"text-indent: -25px;\">, <\/span><span class=\"style_1\" style=\"text-indent: -25px;\">10 milijonov besed<\/span><\/li>\r\n<li><span style=\"text-indent: -25px;\">Korpus starej\u0161e sloven\u0161\u010dine <\/span><a style=\"text-indent: -25px;\" title=\"http:\/\/nl.ijs.si\/imp\/#corpus\" href=\"http:\/\/nl.ijs.si\/imp\/#corpus\">IMP<\/a><span style=\"text-indent: -25px;\">, 3 milijone besed<\/span><\/li>\r\n<li><span style=\"text-indent: -25px;\">Skladenjsko ozna\u010den korpus <\/span><a style=\"text-indent: -25px;\" title=\"http:\/\/nl.ijs.si\/sdt\/\" href=\"http:\/\/nl.ijs.si\/sdt\/\">SDT<\/a><span style=\"text-indent: -25px;\">, 30.000 besed<\/span><\/li>\r\n<li><span style=\"text-indent: -25px;\">Govorni korpus <\/span><a style=\"text-indent: -25px;\" title=\"http:\/\/www.slovenscina.eu\/korpusi\/gos\" href=\"http:\/\/www.korpus-gos.net\/\">Gos<\/a><span style=\"text-indent: -25px;\">, 1 milijon besed<\/span><\/li>\r\n<\/ul>\r\n<p class=\"paragraph_style_3\"><strong>Enojezi\u010dni specializirani:<\/strong><\/p>\r\n<ul>\r\n<li><a style=\"text-indent: -25px;\" title=\"http:\/\/www.slovenscina.eu\/korpusi\/solar\" href=\"http:\/\/solar.sketchengine.co.uk\/run.cgi\/first_form?corpname=fidaplus_solar\">\u0160olar<\/a><span style=\"text-indent: -25px;\">: <\/span><span class=\"style_1\" style=\"text-indent: -25px;\">Korpus pisnih \u0161olskih izdelkov, 1 milijon besed<\/span><\/li>\r\n<li><a style=\"text-indent: -25px;\" title=\"http:\/\/nl.ijs.si\/noske\/all.cgi\/corp_info?corpname=dsi\" href=\"http:\/\/nl.ijs.si\/noske\/all.cgi\/corp_info?corpname=dsi\">Korpus DSI<\/a><span class=\"style_1\" style=\"text-indent: -25px;\">: korpus besedil s podro\u010dja informatike in ra\u010dunalni\u0161tva, 14 milijonov besed<\/span><\/li>\r\n<li><a style=\"text-indent: -25px;\" title=\"http:\/\/nl.ijs.si\/noske\/sl.cgi\/corp_info?corpname=korp\" href=\"http:\/\/nl.ijs.si\/noske\/sl.cgi\/corp_info?corpname=korp\">KORP<\/a><span class=\"style_1\" style=\"text-indent: -25px;\">: korpus besedil odnosov z javnostmi, 1,8 milijona besed<\/span><\/li>\r\n<\/ul>\r\n<p class=\"paragraph_style_3\"><strong>Ve\u010djezi\u010dni:<\/strong><\/p>\r\n<ul>\r\n<li><a class=\"style_3\" style=\"text-indent: -25px;\" title=\"http:\/\/nl.ijs.si\/spook\/\" href=\"http:\/\/nl.ijs.si\/spook\/\">korpus SPOOK<\/a><span style=\"text-indent: -25px;\">: ve\u010djezi\u010dni primerljivi prevodoslovni korpus<\/span><\/li>\r\n<li><a class=\"style_3\" style=\"text-indent: -25px;\" title=\"http:\/\/www.evroterm.gov.si\/evrokorpus\/\" href=\"https:\/\/evroterm.vlada.si\/evrokorpus\">Evrokorpus<\/a><span style=\"text-indent: -25px;\">: dvo- in ve\u010djezi\u010dni vzporedni korpusi besedil z razli\u010dnih podro\u010dij, v katerih je sloven\u0161\u010dina vedno eden\u00a0od jezikov, skupaj\u00a0ve\u010d kot 240\u00a0milijonov besed<\/span><\/li>\r\n<li><a class=\"style_3\" style=\"text-indent: -25px;\" title=\"http:\/\/nl.ijs.si\/ME\/\" href=\"http:\/\/nl.ijs.si\/ME\/\">MULTEXT-East<\/a><span style=\"text-indent: -25px;\">: oblikoslovno ozna\u010den ve\u010djezi\u010dni korpus, ve\u010djezi\u010dne oblikoslovne oznake in ra\u010dunalni\u0161ki leksikon<\/span><\/li>\r\n<li><a href=\"http:\/\/turk.upr.si\">TURK<\/a>: ve\u010djezi\u010dni korpus turisti\u010dnih besedil<\/li>\r\n<\/ul>\r\n<hr \/>\r\n<p><strong>Digitalne knji\u017enice<\/strong><\/p>\r\n<ul>\r\n<li><a style=\"text-indent: -25px;\" title=\"http:\/\/nl.ijs.si\/imp\/dl\/index-facs.html\" href=\"http:\/\/nl.ijs.si\/imp\/dl\/index-facs.html\">IMP<\/a><span style=\"text-indent: -25px;\">: digitalna knji\u017enica starej\u0161ih slovenskih knjig<\/span><\/li>\r\n<li><a class=\"style_3\" style=\"text-indent: -25px;\" title=\"http:\/\/www.dlib.si\/v2\/Default.aspx\" href=\"http:\/\/www.dlib.si\/v2\/Default.aspx\">dLib.si<\/a><span style=\"text-indent: -25px;\">: Digitalna knji\u017enica Slovenije<\/span><\/li>\r\n<li><a class=\"style_3\" style=\"text-indent: -25px;\" title=\"http:\/\/sl.wikisource.org\/wiki\/Wikivir:Slovenska_leposlovna_klasika\" href=\"http:\/\/sl.wikisource.org\/wiki\/Wikivir:Slovenska_leposlovna_klasika\">Wikivir: Slovenska leposlovna klasika<\/a><span style=\"text-indent: -25px;\">: digitalizirano slovensko leposlovje<\/span><\/li>\r\n<li><a class=\"style_3\" style=\"text-indent: -25px;\" title=\"http:\/\/nl.ijs.si\/e-zrc\/\" href=\"http:\/\/nl.ijs.si\/e-zrc\/\">e-ZRC<\/a><span style=\"text-indent: -25px;\">: Elektronske znanstvenokriti\u010dne izdaje slovenskega slovstva<\/span><\/li>\r\n<\/ul>\r\n<hr \/>\r\n<p class=\"has-white-color has-dark-gray-background-color has-text-color has-background\"><strong>Slovarji in leksikalni viri<\/strong><\/p>\r\n<p class=\"paragraph_style_3\"><strong>Slovarski viri:<span class=\"style\"><br \/><\/span><\/strong><\/p>\r\n<ul>\r\n<li><a style=\"text-indent: -25px;\" title=\"https:\/\/viri.cjvt.si\/sopomenke\/slv\/\" href=\"https:\/\/viri.cjvt.si\/sopomenke\/slv\/\">Sopomenke 2.0<\/a><span class=\"style\" style=\"text-indent: -25px;\">: slovar sopomenk sodobne sloven\u0161\u010dine<\/span><\/li>\r\n<li><a style=\"text-indent: -25px;\" title=\"http:\/\/www.slovenscina.eu\/sloleks\" href=\"https:\/\/viri.cjvt.si\/kolokacije\/slv\/\">Kolokacije 2.0<\/a><span class=\"style\" style=\"text-indent: -25px;\">: kolokacijski slovar sodobne sloven\u0161\u010dine<\/span><\/li>\r\n\r\n<li><a style=\"text-indent: -25px;\" title=\"http:\/\/www.slovenscina.eu\/sloleks\" href=\"https:\/\/viri.cjvt.si\/sloleks\/slv\/\">Sloleks<\/a><span class=\"style\" style=\"text-indent: -25px;\">: slovenski oblikoslovni leksikon<\/span><\/li>\r\n<li><a style=\"text-indent: -25px;\" title=\"http:\/\/www.slovenscina.eu\/spletni-slovar\" href=\"http:\/\/ssj.slovenscina.eu\/spletni-slovar\">SSSJ<\/a><span class=\"style\" style=\"text-indent: -25px;\">: spletni slovar slovenskega jezika<\/span><\/li>\r\n<li><a style=\"text-indent: -25px;\" title=\"http:\/\/www.slovenscina.eu\/spletni-slovar\/leksikalna-baza\" href=\"http:\/\/ssj.slovenscina.eu\/spletni-slovar\/leksikalna-baza\">LBS<\/a><span class=\"style\" style=\"text-indent: -25px;\">: leksikalna baza slovenskega jezika<\/span><\/li>\r\n<li><a style=\"text-indent: -25px;\" title=\"http:\/\/nl.ijs.si\/imp\/#lexicon\" href=\"http:\/\/nl.ijs.si\/imp\/#lexicon\">IMP<\/a><span class=\"style\" style=\"text-indent: -25px;\">: slovar slovenskih zastarelih besed<\/span><\/li>\r\n<li><a class=\"style_3\" style=\"text-indent: -25px;\" title=\"http:\/\/bos.zrc-sazu.si\/\" href=\"http:\/\/bos.zrc-sazu.si\/\">BOS@ZRC<\/a><span style=\"text-indent: -25px;\">: slovarske zbirke na In\u0161titut za slovenski jezik Frana Ramov\u0161a ZRC SAZU<\/span><\/li>\r\n<li><a style=\"text-indent: -25px;\" title=\"http:\/\/www.termania.net\" href=\"http:\/\/www.termania.net\">Termania<\/a><span style=\"text-indent: -25px;\">: portal brezpla\u010dnih slovarjev za razli\u010dne jezike in podro\u010dja<\/span><\/li>\r\n<li><a style=\"text-indent: -25px;\" title=\"http:\/\/evroterm.gov.si\/slovar\/\" href=\"https:\/\/evroterm.vlada.si\/slovarji\">gov.si<\/a><span style=\"text-indent: -25px;\">: seznam ve\u010djezi\u010dnih spletnih slovarjev<\/span><\/li>\r\n<li><a class=\"style_3\" style=\"text-indent: -25px;\" title=\"http:\/\/www.evroterm.gov.si\/\" href=\"http:\/\/www.evroterm.gov.si\/\">Evroterm<\/a><span style=\"text-indent: -25px;\">:\u00a0ve\u010djezi\u010dna terminolo\u0161ka zbirka<\/span><\/li>\r\n<li><a class=\"style_3\" style=\"text-indent: -25px;\" title=\"http:\/\/www.islovar.org\/\" href=\"http:\/\/www.islovar.org\/\">Islovar<\/a><span style=\"text-indent: -25px;\">: terminolo\u0161ki slovar informatike<\/span><\/li>\r\n<li><a style=\"text-indent: -25px;\" title=\"http:\/\/www.ijs.si\/cgi-bin\/rac-slovar\" href=\"http:\/\/www.ijs.si\/cgi-bin\/rac-slovar\">Angle\u0161ko-slovenski ra\u010dunalni\u0161ki slovar<\/a><\/li>\r\n<li><a href=\"https:\/\/www.clarin.si\/repository\/xmlui\/handle\/11356\/1026?locale-attribute=sl\">sloWNet<\/a><span style=\"text-indent: -25px;\">: slovenski semanti\u010dni leksikon<\/span><\/li>\r\n<li><a class=\"style_3\" style=\"text-indent: -25px;\" title=\"http:\/\/sl.wiktionary.org\/\" href=\"http:\/\/sl.wiktionary.org\/\">Wikislovar<\/a><span style=\"text-indent: -25px;\">: splo\u0161ni prosti slovar sloven\u0161\u010dine<\/span><\/li>\r\n<li><a class=\"style_3\" style=\"text-indent: -25px;\" title=\"http:\/\/www.razvezanijezik.org\/\" href=\"http:\/\/www.razvezanijezik.org\/\">Razvezani jezik<\/a><span style=\"text-indent: -25px;\">: prosti slovar \u017eive sloven\u0161\u010dine<\/span><\/li>\r\n<li><a href=\"https:\/\/lexonomy.cjvt.si\/slovar-tviterscine\/\">Slovar tviter\u0161\u010dine<\/a>: slovar\u010dek nestandardne sloven\u0161\u010dine<\/li>\r\n<li><a href=\"https:\/\/terminoloski.slovenscina.eu\/\">Slovenski terminolo\u0161ki portal<\/a>: iskanje po terminolo\u0161kih virih in orodja za izdelavo novih terminolo\u0161kih virov<\/li>\r\n<\/ul>\r\n<hr \/>\r\n<p><strong>Pedago\u0161ki priro\u010dniki<\/strong><\/p>\r\n<ul>\r\n<li><a style=\"text-indent: -25px;\" title=\"http:\/\/www.slovenscina.eu\/portali\/pedagoski-slovnicni-portal\" href=\"http:\/\/slovnica.slovenscina.eu\/\">Pedago\u0161ki slovni\u010dni portal<\/a><\/li>\r\n<li><a style=\"text-indent: -25px;\" title=\"http:\/\/www.slovenscina.eu\/portali\/slogovni-prirocnik\" href=\"http:\/\/ssj.slovenscina.eu\/portali\/slogovni-prirocnik\">Slogovni priro\u010dnik<\/a><\/li>\r\n<\/ul>\r\n<hr \/>\r\n<p><strong>Preverjanje in u\u010denje jezika<\/strong><\/p>\r\n<ul>\r\n<li><a class=\"style_3\" style=\"text-indent: -25px;\" title=\"http:\/\/besana.amebis.si\/pregibanje\/\" href=\"http:\/\/besana.amebis.si\/pregibanje\/\">Pregibnik<\/a><span style=\"text-indent: -25px;\">: ra\u010dunalnik vam pregiba slovanske besede<\/span><\/li>\r\n<li><a style=\"text-indent: -25px;\" title=\"http:\/\/www.slovenscina.eu\/sloleks\" href=\"https:\/\/viri.cjvt.si\/sloleks\/slv\/\">Sloleks<\/a><span class=\"style\" style=\"text-indent: -25px;\">: leksikon besednih oblik za sloven\u0161\u010dino<\/span><\/li>\r\n<li><a style=\"text-indent: -25px;\" title=\"http:\/\/slovlit.ff.uni-lj.si\/sft\/\" href=\"https:\/\/slov.si\/sft\/\">SFT<\/a><span style=\"text-indent: -25px;\">: sloven\u0161\u010dina za popotnike<\/span><\/li>\r\n<\/ul>\r\n<hr \/>\r\n<p class=\"has-white-color has-dark-gray-background-color has-text-color has-background\"><strong>Strojno prevajanje<\/strong><\/p>\r\n<ul>\r\n<li><a class=\"style_3\" style=\"text-indent: -25px;\" title=\"http:\/\/presis.amebis.si\/\" href=\"http:\/\/presis.amebis.si\/\">Presis<\/a><span style=\"text-indent: -25px;\">: strojni prevajalnik za sloven\u0161\u010dino-angle\u0161\u010dino in sloven\u0161\u010dino-nem\u0161\u010dino<\/span><\/li>\r\n<li><a href=\"https:\/\/slovenscina.eu\/prevajalnik\">Prevajalnik RSDO<\/a>: strojni prevajalnik za sloven\u0161\u010dino\/angle\u0161\u010dino<\/li>\r\n<li><a class=\"style_3\" style=\"text-indent: -25px;\" title=\"http:\/\/translate.google.com\/#\" href=\"http:\/\/translate.google.com\/#\">Google translate<\/a><span style=\"text-indent: -25px;\">: nevronski strojni prevajalnik za \u0161tevilne jezike<\/span><\/li>\r\n<li><a class=\"style_3\" style=\"text-indent: -25px;\" title=\"http:\/\/www.microsofttranslator.com\/\" href=\"http:\/\/www.microsofttranslator.com\/\">bing Translator<\/a><span style=\"text-indent: -25px;\">: nevronski strojni prevajalnik za \u0161tevilne jezike<\/span><\/li>\r\n<li><a style=\"text-indent: -25px;\" title=\"http:\/\/itranslate4.eu\/en\/\" href=\"http:\/\/itranslate4.eu\/en\/\">iTranslate<\/a><span style=\"text-indent: -25px;\">: portal statisti\u010dnih prevajalnikov za \u0161tevilne jezike<\/span><\/li>\r\n<li><a href=\"https:\/\/www.deepl.com\/translator\">DeepL<\/a>: nevronski strojni prevajalnik za \u0161tevilne jezike<\/li>\r\n<li><a href=\"https:\/\/commission.europa.eu\/resources-partners\/etranslation_en\">eTranslation<\/a>: nevronski strojni prevajalnik Evropske komisije<\/li>\r\n<\/ul>\r\n<hr \/>\r\n<p class=\"has-white-color has-dark-gray-background-color has-text-color has-background\"><strong>Govorne tehnologije<\/strong><\/p>\r\n<ul>\r\n<li><a class=\"style_3\" style=\"text-indent: -25px;\" title=\"http:\/\/govorec.amebis.si\/branje\/\" href=\"https:\/\/ebralec.si\/\">eBralec<\/a><span style=\"text-indent: -25px;\">: sintetizator govora <br \/><\/span><\/li>\r\n<li><a class=\"style_3\" style=\"text-indent: -25px;\" title=\"http:\/\/www.alpineon.com\/proteus\/test\/\" href=\"http:\/\/www.alpineon.com\/proteus\/test\/\">Proteus TTS<\/a><span style=\"text-indent: -25px;\">: sintetizator govora<\/span><\/li>\r\n<li><a class=\"style_3\" style=\"text-indent: -25px;\" title=\"http:\/\/www.phon.ucl.ac.uk\/home\/sampa\/slovenian.htm\" href=\"http:\/\/www.phon.ucl.ac.uk\/home\/sampa\/slovenian.htm\">SAMPA-sl<\/a><span style=\"text-indent: -25px;\">: SAMPA foneti\u010dni simboli za slovenski jezik<\/span><\/li>\r\n<li><a href=\"https:\/\/slovenscina.eu\/razpoznavalnik\">Razpoznavalnik govora<\/a> RSDO: avtomatska transkripcija zvo\u010dnih datotek<\/li>\r\n<\/ul>\r\n<hr \/>\r\n<p class=\"has-white-color has-dark-gray-background-color has-text-color has-background\"><strong>Jezikovni modeli in besedne vlo\u017eitve<\/strong><\/p>\r\n<ul>\r\n<li>vlo\u017eitve fastText skip-gram <a href=\"https:\/\/www.clarin.si\/repository\/xmlui\/handle\/11356\/1791\">CLARIN.SI-embed.sl 2.0<\/a><\/li>\r\n<li>prednau\u010dena slovenska razli\u010dica modela RoBERTa <a href=\"https:\/\/www.clarin.si\/repository\/xmlui\/handle\/11356\/1397\">SloBERTa 2.0<\/a><\/li>\r\n<li>trenutna preizkusna razli\u010dica slovenskega velikega jezikovnega modela GaMS: <a href=\"https:\/\/povejmo.si\/klepet\/\">GaMS<\/a><\/li>\r\n<li>ostali slovenski in ve\u010djezi\u010dni modeli na voljo na repozitoriju <a href=\"https:\/\/www.clarin.si\/repository\/xmlui\/\">CLARIN<\/a> in <a href=\"https:\/\/huggingface.co\/models?language=sl&amp;sort=downloads\">\ud83e\udd17 huggingface\u00a0<\/a><\/li>\r\n<\/ul>\r\n\r\n<p class=\"has-white-color has-dark-gray-background-color has-text-color has-background\"><strong>Projekti:<\/strong><\/p>\r\n<ul>\r\n<li><a class=\"style_3\" style=\"text-indent: -25px;\" title=\"http:\/\/www.clarin.si\/\" href=\"http:\/\/www.clarin.si\/\">CLARIN.SI<\/a><span style=\"text-indent: -25px;\">: slovenska raziskovalna infrastruktura za jezikovne vire in tehnologije<br \/><\/span><\/li>\r\n<li><a class=\"style_3\" style=\"text-indent: -25px;\" title=\"http:\/\/www.slovenscina.eu\/\" href=\"http:\/\/www.slovenscina.eu\/\">SSJ<\/a><span style=\"text-indent: -25px;\">: razvoj referen\u010dnega korpusa in leksikalne baze slovenskega jezika s slovni\u010dnim analizatorjem ter razvoj pedago\u0161kih priro\u010dnikov za pou\u010devanje sloven\u0161\u010dine<\/span><\/li>\r\n<li><a style=\"text-indent: -25px;\" title=\"http:\/\/nl.ijs.si\/imp\/\" href=\"http:\/\/nl.ijs.si\/imp\/\">IMP<\/a><span style=\"text-indent: -25px;\">: jezikovni viri starej\u0161e sloven\u0161\u010dine<\/span><\/li>\r\n<li><a style=\"text-indent: -25px;\" title=\"http:\/\/nl.ijs.si\/jos\/\" href=\"http:\/\/nl.ijs.si\/jos\/\">JOS<\/a><span style=\"text-indent: -25px;\">: jezikoslovno ozna\u010devanje slovenskega jezika<\/span><\/li>\r\n<li><a style=\"text-indent: -25px;\" title=\"http:\/\/lojze.lugos.si\/signor\/\" href=\"http:\/\/lojze.lugos.si\/signor\/\">SIGNOR<\/a><span style=\"text-indent: -25px;\">: korpus slovenskega znakovnega jezika in pilotna slovnica<\/span><\/li>\r\n<li><span id=\"ubc7-unit-identifier\"><a title=\"Phonological Development Tools and Cross-linguistic Phonology Project\" href=\"http:\/\/phonodevelopment.sites.olt.ubc.ca\/\">Phonological Development Tools and Cross-linguistic Phonology Project<\/a>:\u00a0fonolo\u0161ki razvoj slovenskih otrok (Kanada)<\/span><\/li>\r\n<li><a href=\"https:\/\/povejmo.si\">PoVeJMo<\/a>: Prilagodljiva obdelava naravnega jezika s pomo\u010djo velikih jezikovnih modelov: razvoj velikih jezikovnih modelov<\/li>\r\n<li><a href=\"https:\/\/www.cjvt.si\/llm4dh\/\">LLM4DH<\/a>: Veliki jezikovni modeli za digitalno humanistiko <\/li>\r\n\r\n<\/ul>\r\n\r\n<p>&nbsp;<\/p>\r\n\r\n<p>&nbsp;<\/p>\r\n","protected":false},"excerpt":{"rendered":"<p>Za pogosta vpra\u0161anja o virih in tehnologijah za sloven\u0161\u010dino priporo\u010damo tudi https:\/\/www.clarin.si\/info\/k-center\/pogosta-vprasanja-za-slovenscino\/. Orodja Konkordan\u010dniki: Gigafida 2.0,\u00a0Kres,\u00a0GOS NoSketch Engine (novej\u0161i grafi\u010dni vmesnik), NoSketch Engine (starej\u0161i vmesnik) in KonText @ CLARIN.SI Nova beseda Evrokorpus Obdelava besedil: slovni\u010dni pregledovalnik in \u010drkovalnik slovenskih besedil Besana spletni vmesnik za oblikoskladenjsko ozna\u010devanje in lematizacijo besedil JOS spletni vmesnik za oblikoskladenjsko ozna\u010devanje, &hellip; <a href=\"https:\/\/www.sdjt.si\/wp\/povezave\/viri\/\" class=\"more-link\">Preberi ve\u010d <span class=\"screen-reader-text\">Viri<\/span> <span class=\"meta-nav\">&rarr;<\/span><\/a><\/p>\n","protected":false},"author":2,"featured_media":0,"parent":19,"menu_order":1,"comment_status":"closed","ping_status":"closed","template":"","meta":{"footnotes":""},"class_list":["post-11","page","type-page","status-publish","hentry"],"_links":{"self":[{"href":"https:\/\/www.sdjt.si\/wp\/wp-json\/wp\/v2\/pages\/11","targetHints":{"allow":["GET"]}}],"collection":[{"href":"https:\/\/www.sdjt.si\/wp\/wp-json\/wp\/v2\/pages"}],"about":[{"href":"https:\/\/www.sdjt.si\/wp\/wp-json\/wp\/v2\/types\/page"}],"author":[{"embeddable":true,"href":"https:\/\/www.sdjt.si\/wp\/wp-json\/wp\/v2\/users\/2"}],"replies":[{"embeddable":true,"href":"https:\/\/www.sdjt.si\/wp\/wp-json\/wp\/v2\/comments?post=11"}],"version-history":[{"count":46,"href":"https:\/\/www.sdjt.si\/wp\/wp-json\/wp\/v2\/pages\/11\/revisions"}],"predecessor-version":[{"id":4793,"href":"https:\/\/www.sdjt.si\/wp\/wp-json\/wp\/v2\/pages\/11\/revisions\/4793"}],"up":[{"embeddable":true,"href":"https:\/\/www.sdjt.si\/wp\/wp-json\/wp\/v2\/pages\/19"}],"wp:attachment":[{"href":"https:\/\/www.sdjt.si\/wp\/wp-json\/wp\/v2\/media?parent=11"}],"curies":[{"name":"wp","href":"https:\/\/api.w.org\/{rel}","templated":true}]}}