{"id":102,"date":"2014-07-29T13:06:17","date_gmt":"2014-07-29T13:06:17","guid":{"rendered":"http:\/\/www.sdjt.si\/wp\/?page_id=102"},"modified":"2024-01-17T09:24:47","modified_gmt":"2024-01-17T08:24:47","slug":"sorodna-zdruzenja","status":"publish","type":"page","link":"https:\/\/www.sdjt.si\/wp\/povezave\/sorodna-zdruzenja\/","title":{"rendered":"Sorodna zdru\u017eenja"},"content":{"rendered":"<p><span style=\"font-weight: bold;\">Sorodna dru\u0161tva in skupine<\/span><\/p>\n<hr \/>\n<p><span style=\"font-weight: bold;\">V Sloveniji:<\/span><\/p>\n<ul>\n<li><a href=\"http:\/\/www-ai.ijs.si\/slais\/\">SLAIS<\/a>: Slovenian Artificial Intelligence Society, a member society of The European Coordinating Committee for Artificial Intelligence<\/li>\n<li><a href=\"http:\/\/sdrv.fe.uni-lj.si\/\">SPRS<\/a>: Slovenian Pattern Recognition Society, a member society of The International Association for Pattern Recognition<\/li>\n<li><a href=\"http:\/\/www.drustvo-informatika.si\/sekcije\/jezikovna-sekcija\/\">Jezikovna sekcija Slovenskega dru\u0161tva Informatika<\/a><\/li>\n<li><a href=\"https:\/\/zdsds.si\/\">Slavisti\u010dno dru\u0161tvo<\/a><\/li>\n<li><a href=\"http:\/\/www.slovenestudies.com\">SSS<\/a>: The Society for Slovene Studies<\/li>\n<li><a href=\"http:\/\/www.dztps.si\/\">DZTPS<\/a>: Dru\u0161tvo znanstvenih in tehni\u010dnih prevajalcev Slovenije<\/li>\n<li>LUGOS LDP: skupina za slovenjenje Linuxa<\/li>\n<\/ul>\n<p><span style=\"font-weight: bold;\">Dogodki<\/span>:<\/p>\n<ul>\n<li><a href=\"http:\/\/videolectures.net\/solomon\/\">Solomonov seminar<\/a>, seminarji na temo ra\u010dunalni\u0161tva in umetne inteligence potekajo enkrat mese\u010dno na In\u0161titutu Jo\u017eef Stefan v Ljubljani<\/li>\n<li><a href=\"http:\/\/groups.google.com\/group\/lingvisticnikrozek\">Lingvisti\u010dni kro\u017eek<\/a>, ponedeljkova jezikoslovna sre\u010danja z dolgoletno tradicijo gostijo doma\u010de in tuje predavatelje na Filozofski fakulteti v Ljubljani<\/li>\n<\/ul>\n<p><span style=\"font-weight: bold;\">Mednarodna zdru\u017eenja:<\/span><\/p>\n<ul>\n<li><a href=\"http:\/\/www.eacl.org\/\">EACL<\/a>: The European Chapter of the Association for Computational Linguistics<\/li>\n<li><a href=\"http:\/\/www.elsnet.org\/\">ElsNet<\/a>: European Network of Excellence in Human Language Technologies<\/li>\n<li><a href=\"http:\/\/www.eamt.org\/\">EAMT<\/a>: European Association for Machine Translation<\/li>\n<li><a title=\"http:\/\/www.euralex.org\/\" href=\"http:\/\/www.euralex.org\/\">Euralex<\/a>: European Association for Lexicography<\/li>\n<li><a href=\"http:\/\/www.aclweb.org\/\">ACL<\/a>: Association for Computational Linguistics<\/li>\n<li><a href=\"http:\/\/www.ach.org\/\">ACH<\/a>: Association for Computers and the Humanities<\/li>\n<li><a href=\"http:\/\/www.tei-c.org\/\">TEI<\/a>: Text Encoding Initiative<\/li>\n<li><a href=\"http:\/\/www.alta.asn.au\/\">ALTA<\/a>: Australasian Language Technology Association<\/li>\n<\/ul>\n","protected":false},"excerpt":{"rendered":"<p>Sorodna dru\u0161tva in skupine V Sloveniji: SLAIS: Slovenian Artificial Intelligence Society, a member society of The European Coordinating Committee for Artificial Intelligence SPRS: Slovenian Pattern Recognition Society, a member society of The International Association for Pattern Recognition Jezikovna sekcija Slovenskega dru\u0161tva Informatika Slavisti\u010dno dru\u0161tvo SSS: The Society for Slovene Studies DZTPS: Dru\u0161tvo znanstvenih in tehni\u010dnih &hellip; <a href=\"https:\/\/www.sdjt.si\/wp\/povezave\/sorodna-zdruzenja\/\" class=\"more-link\">Preberi ve\u010d <span class=\"screen-reader-text\">Sorodna zdru\u017eenja<\/span> <span class=\"meta-nav\">&rarr;<\/span><\/a><\/p>\n","protected":false},"author":2,"featured_media":0,"parent":19,"menu_order":5,"comment_status":"closed","ping_status":"closed","template":"","meta":{"footnotes":""},"class_list":["post-102","page","type-page","status-publish","hentry"],"_links":{"self":[{"href":"https:\/\/www.sdjt.si\/wp\/wp-json\/wp\/v2\/pages\/102","targetHints":{"allow":["GET"]}}],"collection":[{"href":"https:\/\/www.sdjt.si\/wp\/wp-json\/wp\/v2\/pages"}],"about":[{"href":"https:\/\/www.sdjt.si\/wp\/wp-json\/wp\/v2\/types\/page"}],"author":[{"embeddable":true,"href":"https:\/\/www.sdjt.si\/wp\/wp-json\/wp\/v2\/users\/2"}],"replies":[{"embeddable":true,"href":"https:\/\/www.sdjt.si\/wp\/wp-json\/wp\/v2\/comments?post=102"}],"version-history":[{"count":7,"href":"https:\/\/www.sdjt.si\/wp\/wp-json\/wp\/v2\/pages\/102\/revisions"}],"predecessor-version":[{"id":4131,"href":"https:\/\/www.sdjt.si\/wp\/wp-json\/wp\/v2\/pages\/102\/revisions\/4131"}],"up":[{"embeddable":true,"href":"https:\/\/www.sdjt.si\/wp\/wp-json\/wp\/v2\/pages\/19"}],"wp:attachment":[{"href":"https:\/\/www.sdjt.si\/wp\/wp-json\/wp\/v2\/media?parent=102"}],"curies":[{"name":"wp","href":"https:\/\/api.w.org\/{rel}","templated":true}]}}